{"id":2997,"date":"2021-03-04T10:48:38","date_gmt":"2021-03-04T09:48:38","guid":{"rendered":"http:\/\/www.subliwear.fr\/medico\/"},"modified":"2021-03-04T10:48:46","modified_gmt":"2021-03-04T09:48:46","slug":"medico","status":"publish","type":"page","link":"https:\/\/www.subliwear.fr\/es\/medico\/","title":{"rendered":"M\u00e9dico"},"content":{"rendered":"<p><div class=\"fusion-fullwidth fullwidth-box fusion-builder-row-1 fusion-flex-container nonhundred-percent-fullwidth non-hundred-percent-height-scrolling\" style=\"--awb-background-position:left top;--awb-border-sizes-top:0px;--awb-border-sizes-bottom:0px;--awb-border-sizes-left:0px;--awb-border-sizes-right:0px;--awb-border-radius-top-left:0px;--awb-border-radius-top-right:0px;--awb-border-radius-bottom-right:0px;--awb-border-radius-bottom-left:0px;--awb-padding-top:0px;--awb-padding-bottom:90px;--awb-padding-bottom-medium:60px;--awb-flex-wrap:wrap;\" ><div class=\"fusion-builder-row fusion-row fusion-flex-align-items-flex-start fusion-flex-content-wrap\" style=\"max-width:1248px;margin-left: calc(-4% \/ 2 );margin-right: calc(-4% \/ 2 );\"><div class=\"fusion-layout-column fusion_builder_column fusion-builder-column-0 fusion_builder_column_1_1 1_1 fusion-flex-column fusion-flex-align-self-flex-start fusion-column-no-min-height\" style=\"--awb-bg-size:cover;--awb-width-large:100%;--awb-margin-top-large:0px;--awb-spacing-right-large:1.92%;--awb-margin-bottom-large:40px;--awb-spacing-left-large:1.92%;--awb-width-medium:100%;--awb-spacing-right-medium:1.92%;--awb-spacing-left-medium:1.92%;--awb-width-small:100%;--awb-spacing-right-small:1.92%;--awb-spacing-left-small:1.92%;\"><div class=\"fusion-column-wrapper fusion-flex-justify-content-flex-start fusion-content-layout-column\"><div class=\"fusion-title title fusion-title-1 fusion-title-center fusion-title-text fusion-title-size-two\"><div class=\"title-sep-container title-sep-container-left\"><div class=\"title-sep sep- sep-solid\" style=\"border-color:rgba(255,255,255,.2);\"><\/div><\/div><span class=\"awb-title-spacer\"><\/span><h2 class=\"fusion-title-heading title-heading-center fusion-responsive-typography-calculated\" style=\"margin:0;--fontSize:40;line-height:1.1;\">MASCARILLAS LAVABLES<\/h2><span class=\"awb-title-spacer\"><\/span><div class=\"title-sep-container title-sep-container-right\"><div class=\"title-sep sep- sep-solid\" style=\"border-color:rgba(255,255,255,.2);\"><\/div><\/div><\/div><div class=\"fusion-image-element \" style=\"text-align:center;--awb-caption-title-font-family:var(--h2_typography-font-family);--awb-caption-title-font-weight:var(--h2_typography-font-weight);--awb-caption-title-font-style:var(--h2_typography-font-style);--awb-caption-title-size:var(--h2_typography-font-size);--awb-caption-title-transform:var(--h2_typography-text-transform);--awb-caption-title-line-height:var(--h2_typography-line-height);--awb-caption-title-letter-spacing:var(--h2_typography-letter-spacing);\"><span class=\" fusion-imageframe imageframe-none imageframe-1 hover-type-none\"><img decoding=\"async\" width=\"54\" height=\"30\" alt=\"P.\" title=\"Separador\" src=\"http:\/\/www.subliwear.fr\/wp-content\/uploads\/2014\/12\/hr.png\" class=\"img-responsive wp-image-2389\"\/><\/span><\/div><\/div><\/div><div class=\"fusion-layout-column fusion_builder_column fusion-builder-column-1 fusion_builder_column_1_1 1_1 fusion-flex-column\" style=\"--awb-bg-size:cover;--awb-width-large:100%;--awb-margin-top-large:0px;--awb-spacing-right-large:7.68%;--awb-margin-bottom-large:20px;--awb-spacing-left-large:7.68%;--awb-width-medium:100%;--awb-spacing-right-medium:1.92%;--awb-spacing-left-medium:1.92%;--awb-width-small:100%;--awb-spacing-right-small:1.92%;--awb-spacing-left-small:1.92%;\"><div class=\"fusion-column-wrapper fusion-flex-justify-content-flex-start fusion-content-layout-column\"><div class=\"fusion-text fusion-text-1 md-text-align-center\"><p>Nuestras m\u00e1scaras de Categor\u00eda 1 (UNS1) filtran al menos el 90% de las part\u00edculas de 3 micrones. Son m\u00e1s efectivos contra Covid-19 y sus variantes. Nuestras mascaras son<strong> 10 lavados etiquetados<\/strong> .<\/p>\n<p>Encontrar\u00e1 el informe adjunto 2020TM2481, con los datos de filtraci\u00f3n, certificado por los laboratorios AITEX.<\/p>\n<p>Estas mismas m\u00e1scaras han sido probadas<strong> en filtraci\u00f3n 50 lavados, y obtuvo una clasificaci\u00f3n UN2 Filtraci\u00f3n, 3 micras&gt; 70% (80,54%).<\/strong><\/p>\n<p>Nuestras m\u00e1scaras tambi\u00e9n est\u00e1n certificadas por la norma.<strong> OEKOTEX STANDARD 100, que garantiza que no utilizamos productos qu\u00edmicos prohibidos.<\/strong><\/p>\n<div class=\"gmail_quote\">\n<p><a href=\"https:\/\/www.datova.fr\/wp-content\/uploads\/2020\/09\/certificatoekotex.pdf\" target=\"_blank\" rel=\"noopener\">Certificado OEKO-TEX<\/a><\/p>\n<p><a href=\"https:\/\/www.datova.fr\/wp-content\/uploads\/2020\/09\/certificataitex.pdf\" target=\"_blank\" rel=\"noopener\">Certificado AITEX (filtraci\u00f3n)<\/a><\/p>\n<\/div>\n<p><a href=\"https:\/\/www.datova.fr\/wp-content\/uploads\/2020\/09\/certicatlavage.pdf\" target=\"_blank\" rel=\"noopener\">Certificado de 50 lavados<\/a><\/p>\n<\/div><div class=\"fusion-image-element \" style=\"--awb-caption-title-font-family:var(--h2_typography-font-family);--awb-caption-title-font-weight:var(--h2_typography-font-weight);--awb-caption-title-font-style:var(--h2_typography-font-style);--awb-caption-title-size:var(--h2_typography-font-size);--awb-caption-title-transform:var(--h2_typography-text-transform);--awb-caption-title-line-height:var(--h2_typography-line-height);--awb-caption-title-letter-spacing:var(--h2_typography-letter-spacing);\"><span class=\" fusion-imageframe imageframe-none imageframe-2 hover-type-none\"><img decoding=\"async\" width=\"150\" height=\"150\" title=\"Masques test\u00e9s 50 lavages &#8211; Filtration garantie\" src=\"http:\/\/www.subliwear.fr\/wp-content\/uploads\/2021\/02\/Certifie.jpg\" alt class=\"img-responsive wp-image-2762\" srcset=\"https:\/\/www.subliwear.fr\/wp-content\/uploads\/2021\/02\/Certifie-66x66.jpg 66w, https:\/\/www.subliwear.fr\/wp-content\/uploads\/2021\/02\/Certifie.jpg 150w\" sizes=\"(max-width: 150px) 100vw, 150px\" \/><\/span><\/div><\/div><\/div><\/div><\/div><div class=\"fusion-fullwidth fullwidth-box fusion-builder-row-2 fusion-flex-container nonhundred-percent-fullwidth non-hundred-percent-height-scrolling\" style=\"--awb-border-radius-top-left:0px;--awb-border-radius-top-right:0px;--awb-border-radius-bottom-right:0px;--awb-border-radius-bottom-left:0px;--awb-flex-wrap:wrap;\" ><div class=\"fusion-builder-row fusion-row fusion-flex-align-items-flex-start fusion-flex-content-wrap\" style=\"max-width:1248px;margin-left: calc(-4% \/ 2 );margin-right: calc(-4% \/ 2 );\"><div class=\"fusion-layout-column fusion_builder_column fusion-builder-column-2 fusion_builder_column_1_1 1_1 fusion-flex-column\" style=\"--awb-bg-size:cover;--awb-width-large:100%;--awb-margin-top-large:0px;--awb-spacing-right-large:1.92%;--awb-margin-bottom-large:20px;--awb-spacing-left-large:1.92%;--awb-width-medium:100%;--awb-order-medium:0;--awb-spacing-right-medium:1.92%;--awb-spacing-left-medium:1.92%;--awb-width-small:100%;--awb-order-small:0;--awb-spacing-right-small:1.92%;--awb-spacing-left-small:1.92%;\"><div class=\"fusion-column-wrapper fusion-column-has-shadow fusion-flex-justify-content-flex-start fusion-content-layout-column\"><\/div><\/div><\/div><\/div><div class=\"fusion-bg-parallax\" data-bg-align=\"center center\" data-direction=\"up\" data-mute=\"false\" data-opacity=\"100\" data-velocity=\"-0.3\" data-mobile-enabled=\"false\" data-break_parents=\"0\" data-bg-image=\"http:\/\/www.subliwear.fr\/wp-content\/uploads\/2021\/03\/masque.jpg\" data-bg-repeat=\"false\" ><\/div><div class=\"fusion-fullwidth fullwidth-box fusion-builder-row-3 fusion-flex-container faded-background fusion-parallax-up nonhundred-percent-fullwidth hundred-percent-height non-hundred-percent-height-scrolling\" style=\"--awb-border-sizes-top:0px;--awb-border-sizes-bottom:0px;--awb-border-sizes-left:0px;--awb-border-sizes-right:0px;--awb-border-radius-top-left:0px;--awb-border-radius-top-right:0px;--awb-border-radius-bottom-right:0px;--awb-border-radius-bottom-left:0px;--awb-padding-top:250px;--awb-padding-bottom:250px;--awb-padding-top-medium:180px;--awb-padding-bottom-medium:180px;--awb-padding-left-medium:60px;--awb-background-size:cover;--awb-flex-wrap:wrap;\" ><div class=\"fullwidth-faded\" style=\"--awb-background-image:url(http:\/\/www.subliwear.fr\/wp-content\/uploads\/2021\/03\/masque.jpg);--awb-background-size:cover;\" ><\/div><div class=\"fusion-builder-row fusion-row fusion-flex-align-items-flex-start fusion-flex-content-wrap\" style=\"max-width:1248px;margin-left: calc(-4% \/ 2 );margin-right: calc(-4% \/ 2 );\"><div class=\"fusion-layout-column fusion_builder_column fusion-builder-column-3 fusion_builder_column_1_4 1_4 fusion-flex-column\" style=\"--awb-padding-top:0%;--awb-padding-right:0%;--awb-padding-bottom:0%;--awb-padding-left:0%;--awb-overflow:hidden;--awb-bg-color:#e6e6e6;--awb-bg-color-hover:#e6e6e6;--awb-bg-size:cover;--awb-border-radius:5px 5px 5px 5px;--awb-width-large:25%;--awb-margin-top-large:0px;--awb-spacing-right-large:7.68%;--awb-margin-bottom-large:0px;--awb-spacing-left-large:7.68%;--awb-width-medium:33.333333333333%;--awb-spacing-right-medium:5.76%;--awb-spacing-left-medium:5.76%;--awb-width-small:100%;--awb-spacing-right-small:1.92%;--awb-spacing-left-small:1.92%;\"><div class=\"fusion-column-wrapper fusion-flex-justify-content-flex-start fusion-content-layout-column\"><div class=\"fusion-title title fusion-title-2 fusion-title-center fusion-title-text fusion-title-size-two\" style=\"--awb-text-color:#121213;\"><div class=\"title-sep-container title-sep-container-left\"><div class=\"title-sep sep- sep-solid\" style=\"border-color:rgba(255,255,255,.2);\"><\/div><\/div><span class=\"awb-title-spacer\"><\/span><h2 class=\"fusion-title-heading title-heading-center fusion-responsive-typography-calculated\" style=\"margin:0;--fontSize:40;line-height:1.1;\">Dise\u00f1o c\u00f3modo<\/h2><span class=\"awb-title-spacer\"><\/span><div class=\"title-sep-container title-sep-container-right\"><div class=\"title-sep sep- sep-solid\" style=\"border-color:rgba(255,255,255,.2);\"><\/div><\/div><\/div><div class=\"fusion-text fusion-text-2\" style=\"--awb-content-alignment:center;--awb-letter-spacing:4px;--awb-text-color:#121213;\"><p>CREADO CON COMODIDAD EN MENTE<\/p>\n<\/div><div class=\"fusion-text fusion-text-3\" style=\"--awb-content-alignment:center;--awb-text-color:#121213;\"><p>Ut pharetra lectus quis mi facilisis, id egestas magna dapibus. Mecenas ex urna, interdum non eros eu, luctus vestibulum justo. In gravida dolor neque. Nullam vel elit eu sapien volutpat finibus en nec nisi. Proin quis magna ut urna consequat malesuada vitaes.<\/p>\n<\/div><\/div><\/div><div class=\"fusion-layout-column fusion_builder_column fusion-builder-column-4 fusion_builder_column_1_2 1_2 fusion-flex-column\" style=\"--awb-bg-size:cover;--awb-width-large:50%;--awb-margin-top-large:0px;--awb-spacing-right-large:3.84%;--awb-margin-bottom-large:0px;--awb-spacing-left-large:3.84%;--awb-width-medium:33.333333333333%;--awb-spacing-right-medium:5.76%;--awb-spacing-left-medium:5.76%;--awb-width-small:100%;--awb-spacing-right-small:1.92%;--awb-spacing-left-small:1.92%;\"><div class=\"fusion-column-wrapper fusion-flex-justify-content-flex-start fusion-content-layout-column\"><\/div><\/div><div class=\"fusion-layout-column fusion_builder_column fusion-builder-column-5 fusion_builder_column_1_3 1_3 fusion-flex-column\" style=\"--awb-bg-size:cover;--awb-width-large:33.333333333333%;--awb-margin-top-large:0px;--awb-spacing-right-large:5.76%;--awb-margin-bottom-large:0px;--awb-spacing-left-large:5.76%;--awb-width-medium:33.333333333333%;--awb-spacing-right-medium:5.76%;--awb-spacing-left-medium:5.76%;--awb-width-small:100%;--awb-spacing-right-small:1.92%;--awb-spacing-left-small:1.92%;\"><div class=\"fusion-column-wrapper fusion-flex-justify-content-flex-start fusion-content-layout-column\"><\/div><\/div><\/div><\/div><\/p>\n","protected":false},"excerpt":{"rendered":"","protected":false},"author":1,"featured_media":0,"parent":0,"menu_order":0,"comment_status":"closed","ping_status":"closed","template":"100-width.php","meta":{"_monsterinsights_skip_tracking":false,"_monsterinsights_sitenote_active":false,"_monsterinsights_sitenote_note":"","_monsterinsights_sitenote_category":0,"footnotes":""},"class_list":["post-2997","page","type-page","status-publish","hentry"],"acf":[],"yoast_head":"<!-- This site is optimized with the Yoast SEO plugin v24.9 - https:\/\/yoast.com\/wordpress\/plugins\/seo\/ -->\n<title>Subliwear lavables y reutilizables -<\/title>\n<meta name=\"description\" content=\"Nuestras m\u00e1scaras son lavables y reutilizables 50 veces, son adecuadas para COVID 19. Fabricada en Algod\u00f3n por dentro y Poli\u00e9ster por fuera.\" \/>\n<meta name=\"robots\" content=\"index, follow, max-snippet:-1, max-image-preview:large, max-video-preview:-1\" \/>\n<link rel=\"canonical\" href=\"https:\/\/www.subliwear.fr\/es\/medico\/\" \/>\n<meta property=\"og:locale\" content=\"es_ES\" \/>\n<meta property=\"og:type\" content=\"article\" \/>\n<meta property=\"og:title\" content=\"Subliwear lavables y reutilizables -\" \/>\n<meta property=\"og:description\" content=\"Nuestras m\u00e1scaras son lavables y reutilizables 50 veces, son adecuadas para COVID 19. Fabricada en Algod\u00f3n por dentro y Poli\u00e9ster por fuera.\" \/>\n<meta property=\"og:url\" content=\"https:\/\/www.subliwear.fr\/es\/medico\/\" \/>\n<meta property=\"og:site_name\" content=\"Subliwear\" \/>\n<meta property=\"article:modified_time\" content=\"2021-03-04T09:48:46+00:00\" \/>\n<meta name=\"twitter:card\" content=\"summary_large_image\" \/>\n<meta name=\"twitter:label1\" content=\"Tiempo de lectura\" \/>\n\t<meta name=\"twitter:data1\" content=\"8 minutos\" \/>\n<script type=\"application\/ld+json\" class=\"yoast-schema-graph\">{\"@context\":\"https:\/\/schema.org\",\"@graph\":[{\"@type\":\"WebPage\",\"@id\":\"https:\/\/www.subliwear.fr\/es\/medico\/\",\"url\":\"https:\/\/www.subliwear.fr\/es\/medico\/\",\"name\":\"Subliwear lavables y reutilizables -\",\"isPartOf\":{\"@id\":\"https:\/\/www.subliwear.fr\/#website\"},\"datePublished\":\"2021-03-04T09:48:38+00:00\",\"dateModified\":\"2021-03-04T09:48:46+00:00\",\"description\":\"Nuestras m\u00e1scaras son lavables y reutilizables 50 veces, son adecuadas para COVID 19. Fabricada en Algod\u00f3n por dentro y Poli\u00e9ster por fuera.\",\"breadcrumb\":{\"@id\":\"https:\/\/www.subliwear.fr\/es\/medico\/#breadcrumb\"},\"inLanguage\":\"es\",\"potentialAction\":[{\"@type\":\"ReadAction\",\"target\":[\"https:\/\/www.subliwear.fr\/es\/medico\/\"]}]},{\"@type\":\"BreadcrumbList\",\"@id\":\"https:\/\/www.subliwear.fr\/es\/medico\/#breadcrumb\",\"itemListElement\":[{\"@type\":\"ListItem\",\"position\":1,\"name\":\"Accueil\",\"item\":\"https:\/\/www.subliwear.fr\/es\/\"},{\"@type\":\"ListItem\",\"position\":2,\"name\":\"M\u00e9dico\"}]},{\"@type\":\"WebSite\",\"@id\":\"https:\/\/www.subliwear.fr\/#website\",\"url\":\"https:\/\/www.subliwear.fr\/\",\"name\":\"Subliwear\",\"description\":\"Cr\u00e9ation de v\u00eatements de sport par sublimation\",\"potentialAction\":[{\"@type\":\"SearchAction\",\"target\":{\"@type\":\"EntryPoint\",\"urlTemplate\":\"https:\/\/www.subliwear.fr\/?s={search_term_string}\"},\"query-input\":{\"@type\":\"PropertyValueSpecification\",\"valueRequired\":true,\"valueName\":\"search_term_string\"}}],\"inLanguage\":\"es\"}]}<\/script>\n<!-- \/ Yoast SEO plugin. -->","yoast_head_json":{"title":"Subliwear lavables y reutilizables -","description":"Nuestras m\u00e1scaras son lavables y reutilizables 50 veces, son adecuadas para COVID 19. Fabricada en Algod\u00f3n por dentro y Poli\u00e9ster por fuera.","robots":{"index":"index","follow":"follow","max-snippet":"max-snippet:-1","max-image-preview":"max-image-preview:large","max-video-preview":"max-video-preview:-1"},"canonical":"https:\/\/www.subliwear.fr\/es\/medico\/","og_locale":"es_ES","og_type":"article","og_title":"Subliwear lavables y reutilizables -","og_description":"Nuestras m\u00e1scaras son lavables y reutilizables 50 veces, son adecuadas para COVID 19. Fabricada en Algod\u00f3n por dentro y Poli\u00e9ster por fuera.","og_url":"https:\/\/www.subliwear.fr\/es\/medico\/","og_site_name":"Subliwear","article_modified_time":"2021-03-04T09:48:46+00:00","twitter_card":"summary_large_image","twitter_misc":{"Tiempo de lectura":"8 minutos"},"schema":{"@context":"https:\/\/schema.org","@graph":[{"@type":"WebPage","@id":"https:\/\/www.subliwear.fr\/es\/medico\/","url":"https:\/\/www.subliwear.fr\/es\/medico\/","name":"Subliwear lavables y reutilizables -","isPartOf":{"@id":"https:\/\/www.subliwear.fr\/#website"},"datePublished":"2021-03-04T09:48:38+00:00","dateModified":"2021-03-04T09:48:46+00:00","description":"Nuestras m\u00e1scaras son lavables y reutilizables 50 veces, son adecuadas para COVID 19. Fabricada en Algod\u00f3n por dentro y Poli\u00e9ster por fuera.","breadcrumb":{"@id":"https:\/\/www.subliwear.fr\/es\/medico\/#breadcrumb"},"inLanguage":"es","potentialAction":[{"@type":"ReadAction","target":["https:\/\/www.subliwear.fr\/es\/medico\/"]}]},{"@type":"BreadcrumbList","@id":"https:\/\/www.subliwear.fr\/es\/medico\/#breadcrumb","itemListElement":[{"@type":"ListItem","position":1,"name":"Accueil","item":"https:\/\/www.subliwear.fr\/es\/"},{"@type":"ListItem","position":2,"name":"M\u00e9dico"}]},{"@type":"WebSite","@id":"https:\/\/www.subliwear.fr\/#website","url":"https:\/\/www.subliwear.fr\/","name":"Subliwear","description":"Cr\u00e9ation de v\u00eatements de sport par sublimation","potentialAction":[{"@type":"SearchAction","target":{"@type":"EntryPoint","urlTemplate":"https:\/\/www.subliwear.fr\/?s={search_term_string}"},"query-input":{"@type":"PropertyValueSpecification","valueRequired":true,"valueName":"search_term_string"}}],"inLanguage":"es"}]}},"jetpack_sharing_enabled":true,"_links":{"self":[{"href":"https:\/\/www.subliwear.fr\/es\/wp-json\/wp\/v2\/pages\/2997","targetHints":{"allow":["GET"]}}],"collection":[{"href":"https:\/\/www.subliwear.fr\/es\/wp-json\/wp\/v2\/pages"}],"about":[{"href":"https:\/\/www.subliwear.fr\/es\/wp-json\/wp\/v2\/types\/page"}],"author":[{"embeddable":true,"href":"https:\/\/www.subliwear.fr\/es\/wp-json\/wp\/v2\/users\/1"}],"replies":[{"embeddable":true,"href":"https:\/\/www.subliwear.fr\/es\/wp-json\/wp\/v2\/comments?post=2997"}],"version-history":[{"count":2,"href":"https:\/\/www.subliwear.fr\/es\/wp-json\/wp\/v2\/pages\/2997\/revisions"}],"predecessor-version":[{"id":3019,"href":"https:\/\/www.subliwear.fr\/es\/wp-json\/wp\/v2\/pages\/2997\/revisions\/3019"}],"wp:attachment":[{"href":"https:\/\/www.subliwear.fr\/es\/wp-json\/wp\/v2\/media?parent=2997"}],"curies":[{"name":"wp","href":"https:\/\/api.w.org\/{rel}","templated":true}]}}