{"id":1978,"date":"2021-02-08T10:04:59","date_gmt":"2021-02-08T09:04:59","guid":{"rendered":"http:\/\/www.subliwear.fr\/?page_id=1978"},"modified":"2022-02-01T16:46:32","modified_gmt":"2022-02-01T15:46:32","slug":"vetements-et-tenues-medicales-personnalisees","status":"publish","type":"page","link":"https:\/\/www.subliwear.fr\/fr\/vetements-et-tenues-medicales-personnalisees\/","title":{"rendered":"M\u00e9dical"},"content":{"rendered":"<p><div class=\"fusion-fullwidth fullwidth-box fusion-builder-row-1 fusion-flex-container nonhundred-percent-fullwidth non-hundred-percent-height-scrolling\" style=\"--awb-background-position:left top;--awb-border-sizes-top:0px;--awb-border-sizes-bottom:0px;--awb-border-sizes-left:0px;--awb-border-sizes-right:0px;--awb-border-radius-top-left:0px;--awb-border-radius-top-right:0px;--awb-border-radius-bottom-right:0px;--awb-border-radius-bottom-left:0px;--awb-padding-top:0px;--awb-padding-bottom:90px;--awb-padding-bottom-medium:60px;--awb-flex-wrap:wrap;\" ><div class=\"fusion-builder-row fusion-row fusion-flex-align-items-flex-start fusion-flex-content-wrap\" style=\"max-width:1248px;margin-left: calc(-4% \/ 2 );margin-right: calc(-4% \/ 2 );\"><div class=\"fusion-layout-column fusion_builder_column fusion-builder-column-0 fusion_builder_column_1_1 1_1 fusion-flex-column fusion-flex-align-self-flex-start fusion-column-no-min-height\" style=\"--awb-bg-size:cover;--awb-width-large:100%;--awb-margin-top-large:0px;--awb-spacing-right-large:1.92%;--awb-margin-bottom-large:40px;--awb-spacing-left-large:1.92%;--awb-width-medium:100%;--awb-spacing-right-medium:1.92%;--awb-spacing-left-medium:1.92%;--awb-width-small:100%;--awb-spacing-right-small:1.92%;--awb-spacing-left-small:1.92%;\"><div class=\"fusion-column-wrapper fusion-flex-justify-content-flex-start fusion-content-layout-column\"><div class=\"fusion-title title fusion-title-1 fusion-title-center fusion-title-text fusion-title-size-two\"><div class=\"title-sep-container title-sep-container-left\"><div class=\"title-sep sep- sep-solid\" style=\"border-color:rgba(255,255,255,.2);\"><\/div><\/div><span class=\"awb-title-spacer\"><\/span><h2 class=\"fusion-title-heading title-heading-center fusion-responsive-typography-calculated\" style=\"margin:0;--fontSize:40;line-height:1.1;\">MASQUES LAVABLES<\/h2><span class=\"awb-title-spacer\"><\/span><div class=\"title-sep-container title-sep-container-right\"><div class=\"title-sep sep- sep-solid\" style=\"border-color:rgba(255,255,255,.2);\"><\/div><\/div><\/div><div class=\"fusion-image-element \" style=\"text-align:center;--awb-caption-title-font-family:var(--h2_typography-font-family);--awb-caption-title-font-weight:var(--h2_typography-font-weight);--awb-caption-title-font-style:var(--h2_typography-font-style);--awb-caption-title-size:var(--h2_typography-font-size);--awb-caption-title-transform:var(--h2_typography-text-transform);--awb-caption-title-line-height:var(--h2_typography-line-height);--awb-caption-title-letter-spacing:var(--h2_typography-letter-spacing);\"><span class=\" fusion-imageframe imageframe-none imageframe-1 hover-type-none\"><img decoding=\"async\" width=\"54\" height=\"30\" alt=\"sublimation maroc\" title=\"sublimation maroc\" src=\"http:\/\/www.subliwear.fr\/wp-content\/uploads\/2021\/12\/hr.png\" class=\"img-responsive wp-image-3472\"\/><\/span><\/div><\/div><\/div><div class=\"fusion-layout-column fusion_builder_column fusion-builder-column-1 fusion_builder_column_1_1 1_1 fusion-flex-column\" style=\"--awb-bg-size:cover;--awb-width-large:100%;--awb-margin-top-large:0px;--awb-spacing-right-large:7.68%;--awb-margin-bottom-large:20px;--awb-spacing-left-large:7.68%;--awb-width-medium:100%;--awb-spacing-right-medium:1.92%;--awb-spacing-left-medium:1.92%;--awb-width-small:100%;--awb-spacing-right-small:1.92%;--awb-spacing-left-small:1.92%;\"><div class=\"fusion-column-wrapper fusion-flex-justify-content-flex-start fusion-content-layout-column\"><div class=\"fusion-text fusion-text-1 md-text-align-center\"><p>Nos masques de cat\u00e9gorie 1 (UNS1) filtrent au moins 90 % des particules de 3 microns, efficaces contre le Covid-19 et ses variantes et <strong>\u00e9tiquet\u00e9s 10 lavages.<\/strong><\/p>\n<p>Vous trouverez le rapport 2020TM2481 joint, avec les donn\u00e9es de filtrations, certifi\u00e9 par le laboratoire AITEX.<\/p>\n<p>Ces masques ont \u00e9t\u00e9 test\u00e9s <strong>en filtration 50 lavages<\/strong>\u00a0et ont obtenu<strong>\u00a0un classement UN2 Filtration, 3 micron &gt;70% (80,54%).<\/strong><\/p>\n<p>Nos masques sont \u00e9galement certifi\u00e9s par la norme <strong>OEKOTEX STANDARD 100, qui vous garantit que nous n&rsquo;utilisons pas de substances chimiques interdites.<\/strong><\/p>\n<div class=\"gmail_quote\">\n<p><a href=\"https:\/\/www.datova.fr\/wp-content\/uploads\/2020\/09\/certificatoekotex.pdf\" target=\"_blank\" rel=\"noopener\">Certificat OEKO-TEX<\/a><\/p>\n<p><a href=\"https:\/\/www.datova.fr\/wp-content\/uploads\/2020\/09\/certificataitex.pdf\" target=\"_blank\" rel=\"noopener\">Certificat AITEX ( filtration )<\/a><\/p>\n<\/div>\n<p><a href=\"https:\/\/www.datova.fr\/wp-content\/uploads\/2020\/09\/certicatlavage.pdf\" target=\"_blank\" rel=\"noopener\">Certificat 50 lavages<\/a><\/p>\n<\/div><div class=\"fusion-image-element \" style=\"--awb-caption-title-font-family:var(--h2_typography-font-family);--awb-caption-title-font-weight:var(--h2_typography-font-weight);--awb-caption-title-font-style:var(--h2_typography-font-style);--awb-caption-title-size:var(--h2_typography-font-size);--awb-caption-title-transform:var(--h2_typography-text-transform);--awb-caption-title-line-height:var(--h2_typography-line-height);--awb-caption-title-letter-spacing:var(--h2_typography-letter-spacing);\"><span class=\" fusion-imageframe imageframe-none imageframe-2 hover-type-none\"><img decoding=\"async\" src=\"http:\/\/www.subliwear.fr\/wp-content\/uploads\/2021\/02\/Certifie.jpg\" alt class=\"img-responsive\"\/><\/span><\/div><\/div><\/div><\/div><\/div><div class=\"fusion-fullwidth fullwidth-box fusion-builder-row-2 fusion-flex-container nonhundred-percent-fullwidth non-hundred-percent-height-scrolling\" style=\"--awb-border-radius-top-left:0px;--awb-border-radius-top-right:0px;--awb-border-radius-bottom-right:0px;--awb-border-radius-bottom-left:0px;--awb-flex-wrap:wrap;\" ><div class=\"fusion-builder-row fusion-row fusion-flex-align-items-flex-start fusion-flex-content-wrap\" style=\"max-width:1248px;margin-left: calc(-4% \/ 2 );margin-right: calc(-4% \/ 2 );\"><div class=\"fusion-layout-column fusion_builder_column fusion-builder-column-2 fusion_builder_column_1_1 1_1 fusion-flex-column\" style=\"--awb-bg-size:cover;--awb-width-large:100%;--awb-margin-top-large:0px;--awb-spacing-right-large:1.92%;--awb-margin-bottom-large:20px;--awb-spacing-left-large:1.92%;--awb-width-medium:100%;--awb-order-medium:0;--awb-spacing-right-medium:1.92%;--awb-spacing-left-medium:1.92%;--awb-width-small:100%;--awb-order-small:0;--awb-spacing-right-small:1.92%;--awb-spacing-left-small:1.92%;\"><div class=\"fusion-column-wrapper fusion-column-has-shadow fusion-flex-justify-content-flex-start fusion-content-layout-column\"><\/div><\/div><\/div><\/div><div class=\"fusion-bg-parallax\" data-bg-align=\"center center\" data-direction=\"up\" data-mute=\"false\" data-opacity=\"100\" data-velocity=\"-0.3\" data-mobile-enabled=\"false\" data-break_parents=\"0\" data-bg-image=\"http:\/\/www.subliwear.fr\/wp-content\/uploads\/2021\/01\/wall-300x169.jpg\" data-bg-repeat=\"false\" data-bg-color=\"#adc911\" ><\/div><div class=\"fusion-fullwidth fullwidth-box fusion-builder-row-3 fusion-flex-container fusion-parallax-up nonhundred-percent-fullwidth non-hundred-percent-height-scrolling\" style=\"--awb-border-sizes-top:0px;--awb-border-sizes-bottom:0px;--awb-border-sizes-left:0px;--awb-border-sizes-right:0px;--awb-border-radius-top-left:0px;--awb-border-radius-top-right:0px;--awb-border-radius-bottom-right:0px;--awb-border-radius-bottom-left:0px;--awb-padding-top:100px;--awb-padding-bottom:100px;--awb-background-color:#adc911;--awb-background-image:url(&quot;http:\/\/www.subliwear.fr\/wp-content\/uploads\/2021\/01\/wall-300x169.jpg&quot;);--awb-background-size:cover;--awb-flex-wrap:wrap;\" ><div class=\"fusion-builder-row fusion-row fusion-flex-align-items-flex-start fusion-flex-content-wrap\" style=\"max-width:calc( 1200px + 0px );margin-left: calc(-0px \/ 2 );margin-right: calc(-0px \/ 2 );\"><div class=\"fusion-layout-column fusion_builder_column fusion-builder-column-3 fusion_builder_column_1_1 1_1 fusion-flex-column fusion-flex-align-self-flex-start fusion-column-no-min-height\" style=\"--awb-bg-size:cover;--awb-width-large:100%;--awb-margin-top-large:0px;--awb-spacing-right-large:0px;--awb-margin-bottom-large:0px;--awb-spacing-left-large:0px;--awb-width-medium:100%;--awb-spacing-right-medium:0px;--awb-spacing-left-medium:0px;--awb-width-small:100%;--awb-spacing-right-small:0px;--awb-spacing-left-small:0px;\"><div class=\"fusion-column-wrapper fusion-flex-justify-content-flex-start fusion-content-layout-column\"><div class=\"fusion-title title fusion-title-2 fusion-title-center fusion-title-text fusion-title-size-two\" style=\"--awb-margin-bottom:20px;\"><div class=\"title-sep-container title-sep-container-left\"><div class=\"title-sep sep- sep-solid\" style=\"border-color:rgba(255,255,255,.2);\"><\/div><\/div><span class=\"awb-title-spacer\"><\/span><h2 class=\"fusion-title-heading title-heading-center fusion-responsive-typography-calculated\" style=\"margin:0;--fontSize:40;line-height:1.1;\">Nous vous accompagnons dans chaque \u00e9tape de votre projet !<\/h2><span class=\"awb-title-spacer\"><\/span><div class=\"title-sep-container title-sep-container-right\"><div class=\"title-sep sep- sep-solid\" style=\"border-color:rgba(255,255,255,.2);\"><\/div><\/div><\/div><div class=\"fusion-text fusion-text-2\" style=\"--awb-content-alignment:center;--awb-letter-spacing:4px;--awb-text-color:#ffffff;\"><p>PAR DES ID\u00c9ES CR\u00c9ATIVES, DE L&rsquo;INNOVATION ET UNE D\u00c9TERMINATION TRANSPARENTE<\/p>\n<\/div><div style=\"text-align:center;\"><a class=\"fusion-button button-flat button-large button-custom fusion-button-default button-1 fusion-button-span-no fusion-button-default-type\" style=\"--button_accent_color:#ffffff;--button_border_color:#ffffff;--button_accent_hover_color:#ffffff;--button_border_hover_color:#ffffff;--button_border_width-top:2px;--button_border_width-right:2px;--button_border_width-bottom:2px;--button_border_width-left:2px;--button-border-radius-top-left:0;--button-border-radius-top-right:0;--button-border-radius-bottom-right:0;--button-border-radius-bottom-left:0;--button_gradient_top_color:rgba(255,255,255,0);--button_gradient_bottom_color:rgba(255,255,255,0);--button_gradient_top_color_hover:rgba(255,255,255,0);--button_gradient_bottom_color_hover:rgba(255,255,255,0);\" target=\"_self\" href=\"\/#contact\"><i class=\"fa-envelope fas button-icon-left\" aria-hidden=\"true\"><\/i><span class=\"fusion-button-text\"> Contactez-Nous !<\/span><\/a><\/div><\/div><\/div><\/div><\/div>\n<div class=\"fusion-bg-parallax\" data-bg-align=\"center center\" data-direction=\"up\" data-mute=\"false\" data-opacity=\"100\" data-velocity=\"-0.3\" data-mobile-enabled=\"false\" data-break_parents=\"0\" data-bg-image=\"http:\/\/www.subliwear.fr\/wp-content\/uploads\/2021\/03\/masque.jpg\" data-bg-repeat=\"false\" ><\/div><div class=\"fusion-fullwidth fullwidth-box fusion-builder-row-4 fusion-flex-container faded-background fusion-parallax-up nonhundred-percent-fullwidth hundred-percent-height non-hundred-percent-height-scrolling\" style=\"--awb-border-sizes-top:0px;--awb-border-sizes-bottom:0px;--awb-border-sizes-left:0px;--awb-border-sizes-right:0px;--awb-border-radius-top-left:0px;--awb-border-radius-top-right:0px;--awb-border-radius-bottom-right:0px;--awb-border-radius-bottom-left:0px;--awb-padding-top:250px;--awb-padding-bottom:250px;--awb-padding-top-medium:180px;--awb-padding-bottom-medium:180px;--awb-padding-left-medium:60px;--awb-background-size:cover;--awb-flex-wrap:wrap;\" ><div class=\"fullwidth-faded\" style=\"--awb-background-image:url(http:\/\/www.subliwear.fr\/wp-content\/uploads\/2021\/03\/masque.jpg);--awb-background-size:cover;\" ><\/div><div class=\"fusion-builder-row fusion-row fusion-flex-align-items-flex-start fusion-flex-content-wrap\" style=\"max-width:1248px;margin-left: calc(-4% \/ 2 );margin-right: calc(-4% \/ 2 );\"><div class=\"fusion-layout-column fusion_builder_column fusion-builder-column-4 fusion_builder_column_1_4 1_4 fusion-flex-column\" style=\"--awb-padding-top:0%;--awb-padding-right:0%;--awb-padding-bottom:0%;--awb-padding-left:0%;--awb-overflow:hidden;--awb-bg-color:#e6e6e6;--awb-bg-color-hover:#e6e6e6;--awb-bg-size:cover;--awb-border-radius:5px 5px 5px 5px;--awb-width-large:25%;--awb-margin-top-large:0px;--awb-spacing-right-large:7.68%;--awb-margin-bottom-large:0px;--awb-spacing-left-large:7.68%;--awb-width-medium:33.333333333333%;--awb-spacing-right-medium:5.76%;--awb-spacing-left-medium:5.76%;--awb-width-small:100%;--awb-spacing-right-small:1.92%;--awb-spacing-left-small:1.92%;\"><div class=\"fusion-column-wrapper fusion-flex-justify-content-flex-start fusion-content-layout-column\"><div class=\"fusion-title title fusion-title-3 fusion-title-center fusion-title-text fusion-title-size-two\" style=\"--awb-text-color:#121213;\"><div class=\"title-sep-container title-sep-container-left\"><div class=\"title-sep sep- sep-solid\" style=\"border-color:rgba(255,255,255,.2);\"><\/div><\/div><span class=\"awb-title-spacer\"><\/span><h2 class=\"fusion-title-heading title-heading-center fusion-responsive-typography-calculated\" style=\"margin:0;--fontSize:40;line-height:1.1;\">Nos masques sont double-couche<\/h2><span class=\"awb-title-spacer\"><\/span><div class=\"title-sep-container title-sep-container-right\"><div class=\"title-sep sep- sep-solid\" style=\"border-color:rgba(255,255,255,.2);\"><\/div><\/div><\/div><div class=\"fusion-text fusion-text-3\" style=\"--awb-content-alignment:center;--awb-letter-spacing:4px;--awb-text-color:#121213;\"><p>Compos\u00e9s de deux couches de protection<\/p>\n<\/div><div class=\"fusion-text fusion-text-4\" style=\"--awb-content-alignment:center;--awb-text-color:#121213;\"><p>Nos masques sont \u00e0 la fois r\u00e9sistants et comfortables parce qu&rsquo;ils sont compos\u00e9s de deux couches, une ext\u00e9rieure 100% en Polyester et une autre int\u00e9rieure controll\u00e9e : THERMOCOLLANT 100% Polyamide (PA).<\/p>\n<p>Ces masques sont lavables et r\u00e9utilisables 50 fois mais ne remplacent pas les gestes barri\u00e8res quotidiennes.<\/p>\n<\/div><\/div><\/div><div class=\"fusion-layout-column fusion_builder_column fusion-builder-column-5 fusion_builder_column_1_2 1_2 fusion-flex-column\" style=\"--awb-bg-size:cover;--awb-width-large:50%;--awb-margin-top-large:0px;--awb-spacing-right-large:3.84%;--awb-margin-bottom-large:0px;--awb-spacing-left-large:3.84%;--awb-width-medium:33.333333333333%;--awb-spacing-right-medium:5.76%;--awb-spacing-left-medium:5.76%;--awb-width-small:100%;--awb-spacing-right-small:1.92%;--awb-spacing-left-small:1.92%;\"><div class=\"fusion-column-wrapper fusion-flex-justify-content-flex-start fusion-content-layout-column\"><\/div><\/div><div class=\"fusion-layout-column fusion_builder_column fusion-builder-column-6 fusion_builder_column_1_3 1_3 fusion-flex-column\" style=\"--awb-bg-size:cover;--awb-width-large:33.333333333333%;--awb-margin-top-large:0px;--awb-spacing-right-large:5.76%;--awb-margin-bottom-large:0px;--awb-spacing-left-large:5.76%;--awb-width-medium:33.333333333333%;--awb-spacing-right-medium:5.76%;--awb-spacing-left-medium:5.76%;--awb-width-small:100%;--awb-spacing-right-small:1.92%;--awb-spacing-left-small:1.92%;\"><div class=\"fusion-column-wrapper fusion-flex-justify-content-flex-start fusion-content-layout-column\"><div class=\"fusion-builder-row fusion-builder-row-inner fusion-row fusion-flex-align-items-flex-start fusion-flex-content-wrap\" style=\"width:104% !important;max-width:104% !important;margin-left: calc(-4% \/ 2 );margin-right: calc(-4% \/ 2 );\"><div class=\"fusion-layout-column fusion_builder_column_inner fusion-builder-nested-column-0 fusion_builder_column_inner_1_1 1_1 fusion-flex-column\" style=\"--awb-bg-size:cover;--awb-width-large:100%;--awb-margin-top-large:0px;--awb-spacing-right-large:1.92%;--awb-margin-bottom-large:20px;--awb-spacing-left-large:1.92%;--awb-width-medium:100%;--awb-order-medium:0;--awb-spacing-right-medium:1.92%;--awb-spacing-left-medium:1.92%;--awb-width-small:100%;--awb-order-small:0;--awb-spacing-right-small:1.92%;--awb-spacing-left-small:1.92%;\"><div class=\"fusion-column-wrapper fusion-column-has-shadow fusion-flex-justify-content-flex-start fusion-content-layout-column\"><\/div><\/div><\/div><\/div><\/div><\/div><\/div><\/p>\n","protected":false},"excerpt":{"rendered":"","protected":false},"author":1,"featured_media":0,"parent":0,"menu_order":0,"comment_status":"closed","ping_status":"closed","template":"100-width.php","meta":{"_monsterinsights_skip_tracking":false,"_monsterinsights_sitenote_active":false,"_monsterinsights_sitenote_note":"","_monsterinsights_sitenote_category":0,"footnotes":""},"class_list":["post-1978","page","type-page","status-publish","hentry"],"acf":[],"yoast_head":"<!-- This site is optimized with the Yoast SEO plugin v24.9 - https:\/\/yoast.com\/wordpress\/plugins\/seo\/ -->\n<title>D\u00e9couvrez nos masques lavables et r\u00e9utilisables - Subliwear Maroc<\/title>\n<meta name=\"description\" content=\"Nos masques sont lavables et r\u00e9utilisables 50 fois, adapt\u00e9s au COVID 19 et fabriqu\u00e9s en Coton en interne et en Polyester en externe.\" \/>\n<meta name=\"robots\" content=\"index, follow, max-snippet:-1, max-image-preview:large, max-video-preview:-1\" \/>\n<link rel=\"canonical\" href=\"https:\/\/www.subliwear.fr\/fr\/vetements-et-tenues-medicales-personnalisees\/\" \/>\n<meta property=\"og:locale\" content=\"fr_FR\" \/>\n<meta property=\"og:type\" content=\"article\" \/>\n<meta property=\"og:title\" content=\"D\u00e9couvrez nos masques lavables et r\u00e9utilisables - Subliwear Maroc\" \/>\n<meta property=\"og:description\" content=\"Nos masques sont lavables et r\u00e9utilisables 50 fois, adapt\u00e9s au COVID 19 et fabriqu\u00e9s en Coton en interne et en Polyester en externe.\" \/>\n<meta property=\"og:url\" content=\"https:\/\/www.subliwear.fr\/fr\/vetements-et-tenues-medicales-personnalisees\/\" \/>\n<meta property=\"og:site_name\" content=\"Subliwear\" \/>\n<meta property=\"article:modified_time\" content=\"2022-02-01T15:46:32+00:00\" \/>\n<meta name=\"twitter:card\" content=\"summary_large_image\" \/>\n<meta name=\"twitter:label1\" content=\"Dur\u00e9e de lecture estim\u00e9e\" \/>\n\t<meta name=\"twitter:data1\" content=\"4 minutes\" \/>\n<script type=\"application\/ld+json\" class=\"yoast-schema-graph\">{\"@context\":\"https:\/\/schema.org\",\"@graph\":[{\"@type\":\"WebPage\",\"@id\":\"https:\/\/www.subliwear.fr\/fr\/vetements-et-tenues-medicales-personnalisees\/\",\"url\":\"https:\/\/www.subliwear.fr\/fr\/vetements-et-tenues-medicales-personnalisees\/\",\"name\":\"D\u00e9couvrez nos masques lavables et r\u00e9utilisables - Subliwear Maroc\",\"isPartOf\":{\"@id\":\"https:\/\/www.subliwear.fr\/#website\"},\"datePublished\":\"2021-02-08T09:04:59+00:00\",\"dateModified\":\"2022-02-01T15:46:32+00:00\",\"description\":\"Nos masques sont lavables et r\u00e9utilisables 50 fois, adapt\u00e9s au COVID 19 et fabriqu\u00e9s en Coton en interne et en Polyester en externe.\",\"breadcrumb\":{\"@id\":\"https:\/\/www.subliwear.fr\/fr\/vetements-et-tenues-medicales-personnalisees\/#breadcrumb\"},\"inLanguage\":\"fr-FR\",\"potentialAction\":[{\"@type\":\"ReadAction\",\"target\":[\"https:\/\/www.subliwear.fr\/fr\/vetements-et-tenues-medicales-personnalisees\/\"]}]},{\"@type\":\"BreadcrumbList\",\"@id\":\"https:\/\/www.subliwear.fr\/fr\/vetements-et-tenues-medicales-personnalisees\/#breadcrumb\",\"itemListElement\":[{\"@type\":\"ListItem\",\"position\":1,\"name\":\"Accueil\",\"item\":\"https:\/\/www.subliwear.fr\/fr\/\"},{\"@type\":\"ListItem\",\"position\":2,\"name\":\"M\u00e9dical\"}]},{\"@type\":\"WebSite\",\"@id\":\"https:\/\/www.subliwear.fr\/#website\",\"url\":\"https:\/\/www.subliwear.fr\/\",\"name\":\"Subliwear\",\"description\":\"Cr\u00e9ation de v\u00eatements de sport par sublimation\",\"potentialAction\":[{\"@type\":\"SearchAction\",\"target\":{\"@type\":\"EntryPoint\",\"urlTemplate\":\"https:\/\/www.subliwear.fr\/?s={search_term_string}\"},\"query-input\":{\"@type\":\"PropertyValueSpecification\",\"valueRequired\":true,\"valueName\":\"search_term_string\"}}],\"inLanguage\":\"fr-FR\"}]}<\/script>\n<!-- \/ Yoast SEO plugin. -->","yoast_head_json":{"title":"D\u00e9couvrez nos masques lavables et r\u00e9utilisables - Subliwear Maroc","description":"Nos masques sont lavables et r\u00e9utilisables 50 fois, adapt\u00e9s au COVID 19 et fabriqu\u00e9s en Coton en interne et en Polyester en externe.","robots":{"index":"index","follow":"follow","max-snippet":"max-snippet:-1","max-image-preview":"max-image-preview:large","max-video-preview":"max-video-preview:-1"},"canonical":"https:\/\/www.subliwear.fr\/fr\/vetements-et-tenues-medicales-personnalisees\/","og_locale":"fr_FR","og_type":"article","og_title":"D\u00e9couvrez nos masques lavables et r\u00e9utilisables - Subliwear Maroc","og_description":"Nos masques sont lavables et r\u00e9utilisables 50 fois, adapt\u00e9s au COVID 19 et fabriqu\u00e9s en Coton en interne et en Polyester en externe.","og_url":"https:\/\/www.subliwear.fr\/fr\/vetements-et-tenues-medicales-personnalisees\/","og_site_name":"Subliwear","article_modified_time":"2022-02-01T15:46:32+00:00","twitter_card":"summary_large_image","twitter_misc":{"Dur\u00e9e de lecture estim\u00e9e":"4 minutes"},"schema":{"@context":"https:\/\/schema.org","@graph":[{"@type":"WebPage","@id":"https:\/\/www.subliwear.fr\/fr\/vetements-et-tenues-medicales-personnalisees\/","url":"https:\/\/www.subliwear.fr\/fr\/vetements-et-tenues-medicales-personnalisees\/","name":"D\u00e9couvrez nos masques lavables et r\u00e9utilisables - Subliwear Maroc","isPartOf":{"@id":"https:\/\/www.subliwear.fr\/#website"},"datePublished":"2021-02-08T09:04:59+00:00","dateModified":"2022-02-01T15:46:32+00:00","description":"Nos masques sont lavables et r\u00e9utilisables 50 fois, adapt\u00e9s au COVID 19 et fabriqu\u00e9s en Coton en interne et en Polyester en externe.","breadcrumb":{"@id":"https:\/\/www.subliwear.fr\/fr\/vetements-et-tenues-medicales-personnalisees\/#breadcrumb"},"inLanguage":"fr-FR","potentialAction":[{"@type":"ReadAction","target":["https:\/\/www.subliwear.fr\/fr\/vetements-et-tenues-medicales-personnalisees\/"]}]},{"@type":"BreadcrumbList","@id":"https:\/\/www.subliwear.fr\/fr\/vetements-et-tenues-medicales-personnalisees\/#breadcrumb","itemListElement":[{"@type":"ListItem","position":1,"name":"Accueil","item":"https:\/\/www.subliwear.fr\/fr\/"},{"@type":"ListItem","position":2,"name":"M\u00e9dical"}]},{"@type":"WebSite","@id":"https:\/\/www.subliwear.fr\/#website","url":"https:\/\/www.subliwear.fr\/","name":"Subliwear","description":"Cr\u00e9ation de v\u00eatements de sport par sublimation","potentialAction":[{"@type":"SearchAction","target":{"@type":"EntryPoint","urlTemplate":"https:\/\/www.subliwear.fr\/?s={search_term_string}"},"query-input":{"@type":"PropertyValueSpecification","valueRequired":true,"valueName":"search_term_string"}}],"inLanguage":"fr-FR"}]}},"jetpack_sharing_enabled":true,"_links":{"self":[{"href":"https:\/\/www.subliwear.fr\/fr\/wp-json\/wp\/v2\/pages\/1978","targetHints":{"allow":["GET"]}}],"collection":[{"href":"https:\/\/www.subliwear.fr\/fr\/wp-json\/wp\/v2\/pages"}],"about":[{"href":"https:\/\/www.subliwear.fr\/fr\/wp-json\/wp\/v2\/types\/page"}],"author":[{"embeddable":true,"href":"https:\/\/www.subliwear.fr\/fr\/wp-json\/wp\/v2\/users\/1"}],"replies":[{"embeddable":true,"href":"https:\/\/www.subliwear.fr\/fr\/wp-json\/wp\/v2\/comments?post=1978"}],"version-history":[{"count":42,"href":"https:\/\/www.subliwear.fr\/fr\/wp-json\/wp\/v2\/pages\/1978\/revisions"}],"predecessor-version":[{"id":3562,"href":"https:\/\/www.subliwear.fr\/fr\/wp-json\/wp\/v2\/pages\/1978\/revisions\/3562"}],"wp:attachment":[{"href":"https:\/\/www.subliwear.fr\/fr\/wp-json\/wp\/v2\/media?parent=1978"}],"curies":[{"name":"wp","href":"https:\/\/api.w.org\/{rel}","templated":true}]}}