{"id":3,"date":"2020-12-14T14:37:41","date_gmt":"2020-12-14T13:37:41","guid":{"rendered":"http:\/\/www.subliwear.fr\/?page_id=3"},"modified":"2021-12-07T10:54:49","modified_gmt":"2021-12-07T09:54:49","slug":"politique-de-confidentialite","status":"publish","type":"page","link":"https:\/\/www.subliwear.fr\/fr\/politique-de-confidentialite\/","title":{"rendered":"Politique de confidentialit\u00e9"},"content":{"rendered":"<div class=\"fusion-fullwidth fullwidth-box fusion-builder-row-1 fusion-flex-container nonhundred-percent-fullwidth non-hundred-percent-height-scrolling\" style=\"--awb-border-radius-top-left:0px;--awb-border-radius-top-right:0px;--awb-border-radius-bottom-right:0px;--awb-border-radius-bottom-left:0px;--awb-flex-wrap:wrap;\" ><div class=\"fusion-builder-row fusion-row fusion-flex-align-items-flex-start fusion-flex-content-wrap\" style=\"max-width:calc( 1200px + 0px );margin-left: calc(-0px \/ 2 );margin-right: calc(-0px \/ 2 );\"><div class=\"fusion-layout-column fusion_builder_column fusion-builder-column-0 fusion_builder_column_1_1 1_1 fusion-flex-column\" style=\"--awb-bg-size:cover;--awb-width-large:100%;--awb-margin-top-large:0px;--awb-spacing-right-large:0px;--awb-margin-bottom-large:0px;--awb-spacing-left-large:0px;--awb-width-medium:100%;--awb-spacing-right-medium:0px;--awb-spacing-left-medium:0px;--awb-width-small:100%;--awb-spacing-right-small:0px;--awb-spacing-left-small:0px;\"><div class=\"fusion-column-wrapper fusion-flex-justify-content-flex-start fusion-content-layout-column\"><div class=\"fusion-text fusion-text-1\"><\/p>\n<h2 data-fontsize=\"40\" data-lineheight=\"44px\" class=\"fusion-responsive-typography-calculated wp-block-heading\" style=\"--fontSize:40; line-height: 1.1;\"> <\/h2>\n<p>La politique de confidentialit\u00e9 vous informe de l&rsquo;utilisation que nous faisons des donn\u00e9es personnelles collect\u00e9es via notre site internet <a href=\"http:\/\/www.subliwear.fr\">http:\/\/www.subliwear.fr<\/a><\/p>\n<\/p>\n<p class=\"black cms_p2\">Nous nous engageons \u00e0 prot\u00e9ger et \u00e0 respecter votre vie priv\u00e9e conform\u00e9ment aux r\u00e8gles sur la protection des donn\u00e9es personnelles, telles que celles issues de la Directive communautaire 95\/46\/CE amend\u00e9e. Notre politique de confidentialit\u00e9 s&rsquo;applique \u00e0 tous les visiteurs parcourant notre site internet.<\/p>\n<p class=\"black cms_p2\">Notre politique de confidentialit\u00e9 peut changer \u00e0 tout moment. Veuillez v\u00e9rifier r\u00e9guli\u00e8rement les derni\u00e8res mises \u00e0 jour de notre politique de confidentialit\u00e9.<\/p>\n<\/p>\n<\/p>\n<h3 class=\"cms_h3 bright_sun fusion-responsive-typography-calculated\" data-fontsize=\"32\" data-lineheight=\"36.16px\" style=\"--fontSize:32; line-height: 1.13;\">Informations que nous collectons <\/h3>\n<p>Nous collectons les donn\u00e9es personnelles suivantes : <\/p>\n<ul>\n<li class=\"cms_p2 black\">Nom, pr\u00e9nom<\/li>\n<li class=\"cms_p2 black\">Num\u00e9ro de t\u00e9l\u00e9phone<\/li>\n<li class=\"cms_p2 black\">Adresse Email<\/li>\n<li class=\"cms_p2 black\">Nom de l\u2019entreprise<\/li>\n<\/ul>\n<\/p>\n<div class=\"rte\">\n<h3 class=\"cms_h3 bright_sun fusion-responsive-typography-calculated\" data-fontsize=\"32\" data-lineheight=\"36.16px\" style=\"--fontSize:32; line-height: 1.13;\">Ces donn\u00e9es personnelles sont collect\u00e9es dans les cas suivants :<\/h3>\n<ul>\n<li class=\"cms_p2 black\">Quand vous faites une demande un devis ou de contact sur notre site internet<\/li>\n<li class=\"cms_p2 black\">Quand vous acc\u00e9dez et naviguez sur notre site internet.<\/li>\n<\/ul>\n<h3 class=\"cms_h3 bright_sun fusion-responsive-typography-calculated\" data-fontsize=\"32\" data-lineheight=\"36.16px\" style=\"--fontSize:32; line-height: 1.13;\">Utilisation de vos donn\u00e9es personnelles<\/h3>\n<p class=\"black cms_p2\">Nous utilisons l&rsquo;information vous concernant pour vous contacter et r\u00e9pondre \u00e0 votre demande.<\/p>\n<h3 class=\"cms_h3 bright_sun fusion-responsive-typography-calculated\" data-fontsize=\"32\" data-lineheight=\"36.16px\" style=\"--fontSize:32; line-height: 1.13;\">Stockage de vos donn\u00e9es personnelles<\/h3>\n<p class=\"black cms_p2\">Le site internet et les donn\u00e9es personnelles collect\u00e9es qui vous concernent, sont stock\u00e9s sur un serveur situ\u00e9 en France.<\/p>\n<h3 class=\"cms_h3 bright_sun fusion-responsive-typography-calculated\" data-fontsize=\"32\" data-lineheight=\"36.16px\" style=\"--fontSize:32; line-height: 1.13;\">Cookies<\/h3>\n<p class=\"black cms_p2\">Notre site internet utilise des cookies pour collecter des informations. Les cookies (ou traceurs) sont des fichiers de donn\u00e9es plac\u00e9s sur un ordinateur, un mobile ou tout appareil (tels que les smart phones ou les tablettes) lorsque vous naviguez sur notre site Internet.<\/p>\n<h3 class=\"cms_h3 bright_sun fusion-responsive-typography-calculated\" data-fontsize=\"32\" data-lineheight=\"36.16px\" style=\"--fontSize:32; line-height: 1.13;\">S\u00e9curit\u00e9<\/h3>\n<p class=\"black cms_p2\">Toutes les informations que vous nous fournissez sont stock\u00e9es sur notre serveur s\u00e9curis\u00e9.<\/p>\n<h3 class=\"cms_h3 bright_sun fusion-responsive-typography-calculated\" data-fontsize=\"32\" data-lineheight=\"36.16px\" style=\"--fontSize:32; line-height: 1.13;\">Contacts<\/h3>\n<p class=\"black cms_p2\">Vous pouvez nous contacter sur <strong><a href=\"https:\/\/www.subliwear.fr\/fr\/#contact\" target=\"_blank\" rel=\"noopener\">cette adresse<\/a><\/strong>.<\/p>\n<\/div>\n<\/p>\n<h3 data-fontsize=\"32\" data-lineheight=\"36.16px\" class=\"fusion-responsive-typography-calculated wp-block-heading\" style=\"--fontSize:32; line-height: 1.13;\"> <\/h3>\n<\/p>\n<\/p>\n<h3 data-fontsize=\"32\" data-lineheight=\"36.16px\" class=\"fusion-responsive-typography-calculated wp-block-heading\" style=\"--fontSize:32; line-height: 1.13;\"> <\/h3>\n<\/p>\n<\/p>\n<\/p>\n<\/p>\n<h2 data-fontsize=\"40\" data-lineheight=\"44px\" class=\"fusion-responsive-typography-calculated wp-block-heading\" style=\"--fontSize:40; line-height: 1.1;\"> <\/h2>\n<\/p>\n<h3 data-fontsize=\"32\" data-lineheight=\"36.16px\" class=\"fusion-responsive-typography-calculated\" style=\"--fontSize:32; line-height: 1.13;\"> <\/h3><\/p>\n<\/div><\/div><\/div><\/div><\/div>","protected":false},"excerpt":{"rendered":"","protected":false},"author":1,"featured_media":0,"parent":0,"menu_order":0,"comment_status":"closed","ping_status":"closed","template":"","meta":{"_monsterinsights_skip_tracking":false,"_monsterinsights_sitenote_active":false,"_monsterinsights_sitenote_note":"","_monsterinsights_sitenote_category":0,"footnotes":""},"class_list":["post-3","page","type-page","status-publish","hentry"],"acf":[],"yoast_head":"<!-- This site is optimized with the Yoast SEO plugin v24.9 - https:\/\/yoast.com\/wordpress\/plugins\/seo\/ -->\n<title>Politique de confidentialit\u00e9 - Subliwear Cr\u00e9ateur des v\u00eatements de sport<\/title>\n<meta name=\"description\" content=\"Subliwear est une soci\u00e9t\u00e9 \u00e0 Responsabilit\u00e9 limit\u00e9e (SARL) qui cr\u00e9e et produit des v\u00eatements de sport et de Mode par sublimation.\" \/>\n<meta name=\"robots\" content=\"index, follow, max-snippet:-1, max-image-preview:large, max-video-preview:-1\" \/>\n<link rel=\"canonical\" href=\"https:\/\/www.subliwear.fr\/fr\/politique-de-confidentialite\/\" \/>\n<meta property=\"og:locale\" content=\"fr_FR\" \/>\n<meta property=\"og:type\" content=\"article\" \/>\n<meta property=\"og:title\" content=\"Politique de confidentialit\u00e9 - Subliwear Cr\u00e9ateur des v\u00eatements de sport\" \/>\n<meta property=\"og:description\" content=\"Subliwear est une soci\u00e9t\u00e9 \u00e0 Responsabilit\u00e9 limit\u00e9e (SARL) qui cr\u00e9e et produit des v\u00eatements de sport et de Mode par sublimation.\" \/>\n<meta property=\"og:url\" content=\"https:\/\/www.subliwear.fr\/fr\/politique-de-confidentialite\/\" \/>\n<meta property=\"og:site_name\" content=\"Subliwear\" \/>\n<meta property=\"article:modified_time\" content=\"2021-12-07T09:54:49+00:00\" \/>\n<meta name=\"twitter:card\" content=\"summary_large_image\" \/>\n<meta name=\"twitter:label1\" content=\"Dur\u00e9e de lecture estim\u00e9e\" \/>\n\t<meta name=\"twitter:data1\" content=\"2 minutes\" \/>\n<script type=\"application\/ld+json\" class=\"yoast-schema-graph\">{\"@context\":\"https:\/\/schema.org\",\"@graph\":[{\"@type\":\"WebPage\",\"@id\":\"https:\/\/www.subliwear.fr\/fr\/politique-de-confidentialite\/\",\"url\":\"https:\/\/www.subliwear.fr\/fr\/politique-de-confidentialite\/\",\"name\":\"Politique de confidentialit\u00e9 - Subliwear Cr\u00e9ateur des v\u00eatements de sport\",\"isPartOf\":{\"@id\":\"https:\/\/www.subliwear.fr\/#website\"},\"datePublished\":\"2020-12-14T13:37:41+00:00\",\"dateModified\":\"2021-12-07T09:54:49+00:00\",\"description\":\"Subliwear est une soci\u00e9t\u00e9 \u00e0 Responsabilit\u00e9 limit\u00e9e (SARL) qui cr\u00e9e et produit des v\u00eatements de sport et de Mode par sublimation.\",\"breadcrumb\":{\"@id\":\"https:\/\/www.subliwear.fr\/fr\/politique-de-confidentialite\/#breadcrumb\"},\"inLanguage\":\"fr-FR\",\"potentialAction\":[{\"@type\":\"ReadAction\",\"target\":[\"https:\/\/www.subliwear.fr\/fr\/politique-de-confidentialite\/\"]}]},{\"@type\":\"BreadcrumbList\",\"@id\":\"https:\/\/www.subliwear.fr\/fr\/politique-de-confidentialite\/#breadcrumb\",\"itemListElement\":[{\"@type\":\"ListItem\",\"position\":1,\"name\":\"Accueil\",\"item\":\"https:\/\/www.subliwear.fr\/fr\/\"},{\"@type\":\"ListItem\",\"position\":2,\"name\":\"Politique de confidentialit\u00e9\"}]},{\"@type\":\"WebSite\",\"@id\":\"https:\/\/www.subliwear.fr\/#website\",\"url\":\"https:\/\/www.subliwear.fr\/\",\"name\":\"Subliwear\",\"description\":\"Cr\u00e9ation de v\u00eatements de sport par sublimation\",\"potentialAction\":[{\"@type\":\"SearchAction\",\"target\":{\"@type\":\"EntryPoint\",\"urlTemplate\":\"https:\/\/www.subliwear.fr\/?s={search_term_string}\"},\"query-input\":{\"@type\":\"PropertyValueSpecification\",\"valueRequired\":true,\"valueName\":\"search_term_string\"}}],\"inLanguage\":\"fr-FR\"}]}<\/script>\n<!-- \/ Yoast SEO plugin. -->","yoast_head_json":{"title":"Politique de confidentialit\u00e9 - Subliwear Cr\u00e9ateur des v\u00eatements de sport","description":"Subliwear est une soci\u00e9t\u00e9 \u00e0 Responsabilit\u00e9 limit\u00e9e (SARL) qui cr\u00e9e et produit des v\u00eatements de sport et de Mode par sublimation.","robots":{"index":"index","follow":"follow","max-snippet":"max-snippet:-1","max-image-preview":"max-image-preview:large","max-video-preview":"max-video-preview:-1"},"canonical":"https:\/\/www.subliwear.fr\/fr\/politique-de-confidentialite\/","og_locale":"fr_FR","og_type":"article","og_title":"Politique de confidentialit\u00e9 - Subliwear Cr\u00e9ateur des v\u00eatements de sport","og_description":"Subliwear est une soci\u00e9t\u00e9 \u00e0 Responsabilit\u00e9 limit\u00e9e (SARL) qui cr\u00e9e et produit des v\u00eatements de sport et de Mode par sublimation.","og_url":"https:\/\/www.subliwear.fr\/fr\/politique-de-confidentialite\/","og_site_name":"Subliwear","article_modified_time":"2021-12-07T09:54:49+00:00","twitter_card":"summary_large_image","twitter_misc":{"Dur\u00e9e de lecture estim\u00e9e":"2 minutes"},"schema":{"@context":"https:\/\/schema.org","@graph":[{"@type":"WebPage","@id":"https:\/\/www.subliwear.fr\/fr\/politique-de-confidentialite\/","url":"https:\/\/www.subliwear.fr\/fr\/politique-de-confidentialite\/","name":"Politique de confidentialit\u00e9 - Subliwear Cr\u00e9ateur des v\u00eatements de sport","isPartOf":{"@id":"https:\/\/www.subliwear.fr\/#website"},"datePublished":"2020-12-14T13:37:41+00:00","dateModified":"2021-12-07T09:54:49+00:00","description":"Subliwear est une soci\u00e9t\u00e9 \u00e0 Responsabilit\u00e9 limit\u00e9e (SARL) qui cr\u00e9e et produit des v\u00eatements de sport et de Mode par sublimation.","breadcrumb":{"@id":"https:\/\/www.subliwear.fr\/fr\/politique-de-confidentialite\/#breadcrumb"},"inLanguage":"fr-FR","potentialAction":[{"@type":"ReadAction","target":["https:\/\/www.subliwear.fr\/fr\/politique-de-confidentialite\/"]}]},{"@type":"BreadcrumbList","@id":"https:\/\/www.subliwear.fr\/fr\/politique-de-confidentialite\/#breadcrumb","itemListElement":[{"@type":"ListItem","position":1,"name":"Accueil","item":"https:\/\/www.subliwear.fr\/fr\/"},{"@type":"ListItem","position":2,"name":"Politique de confidentialit\u00e9"}]},{"@type":"WebSite","@id":"https:\/\/www.subliwear.fr\/#website","url":"https:\/\/www.subliwear.fr\/","name":"Subliwear","description":"Cr\u00e9ation de v\u00eatements de sport par sublimation","potentialAction":[{"@type":"SearchAction","target":{"@type":"EntryPoint","urlTemplate":"https:\/\/www.subliwear.fr\/?s={search_term_string}"},"query-input":{"@type":"PropertyValueSpecification","valueRequired":true,"valueName":"search_term_string"}}],"inLanguage":"fr-FR"}]}},"jetpack_sharing_enabled":true,"_links":{"self":[{"href":"https:\/\/www.subliwear.fr\/fr\/wp-json\/wp\/v2\/pages\/3","targetHints":{"allow":["GET"]}}],"collection":[{"href":"https:\/\/www.subliwear.fr\/fr\/wp-json\/wp\/v2\/pages"}],"about":[{"href":"https:\/\/www.subliwear.fr\/fr\/wp-json\/wp\/v2\/types\/page"}],"author":[{"embeddable":true,"href":"https:\/\/www.subliwear.fr\/fr\/wp-json\/wp\/v2\/users\/1"}],"replies":[{"embeddable":true,"href":"https:\/\/www.subliwear.fr\/fr\/wp-json\/wp\/v2\/comments?post=3"}],"version-history":[{"count":4,"href":"https:\/\/www.subliwear.fr\/fr\/wp-json\/wp\/v2\/pages\/3\/revisions"}],"predecessor-version":[{"id":3560,"href":"https:\/\/www.subliwear.fr\/fr\/wp-json\/wp\/v2\/pages\/3\/revisions\/3560"}],"wp:attachment":[{"href":"https:\/\/www.subliwear.fr\/fr\/wp-json\/wp\/v2\/media?parent=3"}],"curies":[{"name":"wp","href":"https:\/\/api.w.org\/{rel}","templated":true}]}}