{"id":3248,"date":"2021-05-22T11:55:11","date_gmt":"2021-05-22T10:55:11","guid":{"rendered":"http:\/\/www.subliwear.fr\/?page_id=3248"},"modified":"2022-01-29T11:40:15","modified_gmt":"2022-01-29T10:40:15","slug":"conditions-commerciales-subliwear-avec-ses-partenaires","status":"publish","type":"page","link":"https:\/\/www.subliwear.fr\/fr\/conditions-commerciales-subliwear-avec-ses-partenaires\/","title":{"rendered":"Conditions de mise en \u0153uvre pour les partenaires commerciaux"},"content":{"rendered":"<div class=\"fusion-fullwidth fullwidth-box fusion-builder-row-1 fusion-flex-container nonhundred-percent-fullwidth non-hundred-percent-height-scrolling\" style=\"--awb-border-radius-top-left:0px;--awb-border-radius-top-right:0px;--awb-border-radius-bottom-right:0px;--awb-border-radius-bottom-left:0px;--awb-flex-wrap:wrap;\" ><div class=\"fusion-builder-row fusion-row fusion-flex-align-items-flex-start fusion-flex-content-wrap\" style=\"max-width:1248px;margin-left: calc(-4% \/ 2 );margin-right: calc(-4% \/ 2 );\"><div class=\"fusion-layout-column fusion_builder_column fusion-builder-column-0 fusion_builder_column_4_5 4_5 fusion-flex-column\" style=\"--awb-bg-size:cover;--awb-width-large:80%;--awb-margin-top-large:0px;--awb-spacing-right-large:2.4%;--awb-margin-bottom-large:0px;--awb-spacing-left-large:2.4%;--awb-width-medium:100%;--awb-spacing-right-medium:1.92%;--awb-spacing-left-medium:1.92%;--awb-width-small:100%;--awb-spacing-right-small:1.92%;--awb-spacing-left-small:1.92%;\"><div class=\"fusion-column-wrapper fusion-flex-justify-content-flex-start fusion-content-layout-column\"><div class=\"fusion-text fusion-text-1\" style=\"--awb-text-color:#000000;\"><div class=\"page\" title=\"Page 1\">\n<div class=\"layoutArea\">\n<div class=\"column\">\n<h1><\/h1>\n<h1><img decoding=\"async\" class=\"size-medium wp-image-3252 alignright\" src=\"http:\/\/www.subliwear.fr\/wp-content\/uploads\/2021\/05\/Capture-de\u0301cran-2021-05-22-a\u0300-12.02.06-300x76.png\" alt=\"Amfori BSCI\" width=\"300\" height=\"76\" srcset=\"https:\/\/www.subliwear.fr\/wp-content\/uploads\/2021\/05\/Capture-de\u0301cran-2021-05-22-a\u0300-12.02.06-200x50.png 200w, https:\/\/www.subliwear.fr\/wp-content\/uploads\/2021\/05\/Capture-de\u0301cran-2021-05-22-a\u0300-12.02.06-300x76.png 300w, https:\/\/www.subliwear.fr\/wp-content\/uploads\/2021\/05\/Capture-de\u0301cran-2021-05-22-a\u0300-12.02.06-400x101.png 400w, https:\/\/www.subliwear.fr\/wp-content\/uploads\/2021\/05\/Capture-de\u0301cran-2021-05-22-a\u0300-12.02.06-600x151.png 600w, https:\/\/www.subliwear.fr\/wp-content\/uploads\/2021\/05\/Capture-de\u0301cran-2021-05-22-a\u0300-12.02.06-768x194.png 768w, https:\/\/www.subliwear.fr\/wp-content\/uploads\/2021\/05\/Capture-de\u0301cran-2021-05-22-a\u0300-12.02.06-800x202.png 800w, https:\/\/www.subliwear.fr\/wp-content\/uploads\/2021\/05\/Capture-de\u0301cran-2021-05-22-a\u0300-12.02.06.png 904w\" sizes=\"(max-width: 300px) 100vw, 300px\" \/><\/h1>\n<h1><\/h1>\n<h1><span style=\"color: #008000;\"><strong>Conditions de mise en \u0153uvre pour les partenaires commerciaux<\/strong><\/span><\/h1>\n<p><span style=\"color: #008000;\"><strong>I. Introduction<\/strong><\/span><\/p>\n<p>Aux fins du pre\u0301sent document, on entend par \u00ab partenaire commercial \u00bb toute entite\u0301 commerciale, un importateur ou un agent par exemple, avec laquelle un participant a\u0300 amfori BSCI entretient une relation commerciale et au travers de laquelle le participant a\u0300 amfori BSCI compte diffuser en cascade les principes du Code de conduite de amfori BSCI aupre\u0300s des producteurs susceptibles d&rsquo;e\u0302tre contro\u0302le\u0301s.<\/p>\n<p>Ce terme peut e\u0301galement de\u0301signer une entite\u0301 commerciale, comme un sous-traitant ou un fournisseur indirect, avec laquelle un producteur entretient une relation commerciale et au travers de laquelle le producteur entend diffuser en cascade les principes du Code de conduite de amfori BSCI.<\/p>\n<p>En signant les pre\u0301sentes Conditions de mise en \u0153uvre, les partenaires commerciaux adhe\u0300rent aux valeurs et aux principes du Code de conduite de amfori BSCI ou e\u0301quivalent et s&rsquo;engagent a\u0300 prendre, dans les limites de leur sphe\u0300re d&rsquo;influence, toutes les mesures raisonnables et approprie\u0301es pour les respecter.<\/p>\n<p>Toute re\u0301fe\u0301rence au Code de conduite de amfori BSCI dans le pre\u0301sent document englobe tout code de conduite ou syste\u0300me connexe e\u0301quivalent.<\/p>\n<p>Aux fins du pre\u0301sent document, on entend par \u00abpartenaires tiers\u00bb les partenaires commerciaux du partenaire commercial qui signe les pre\u0301sentes Conditions de mise en \u0153uvre.<\/p>\n<p>Les partenaires commerciaux qui ont signe\u0301 les pre\u0301sentes Conditions de mise en \u0153uvre ne sont pas soumis au processus de contro\u0302le de amfori BSCI. Le participant a\u0300 amfori BSCI se re\u0301serve toutefois le droit de les inclure dans ce processus lorsqu&rsquo;il le juge ne\u0301cessaire au regard des re\u0301sultats de son processus de diligence raisonnable. Dans ce cas, le partenaire commercial devra signer les Conditions de mise en \u0153uvre applicables aux producteurs.<\/p>\n<\/div>\n<\/div>\n<\/div>\n<div class=\"page\" title=\"Page 2\">\n<div class=\"layoutArea\">\n<div class=\"column\">\n<p><span style=\"color: #008000;\"><strong>II. Engagement en faveur de pratiques socialement responsables<\/strong><\/span><\/p>\n<p>2.1. En assumant les responsabilite\u0301s e\u0301nonce\u0301es dans le Code de conduite de amfori BSCI, les partenaires commerciaux collaborent avec les participants a\u0300 amfori BSCI et avec leurs partenaires tiers et me\u0300nent un dialogue constructif et ouvert avec leurs parties prenantes en vue de l&rsquo;application du Code de conduite de amfori BSCI.<\/p>\n<p>2.2. Les partenaires commerciaux communiquent activement leur adhe\u0301sion au Code de conduite de amfori BSCI au sein de leur propre organisation ainsi qu&rsquo;a\u0300 leurs partenaires tiers.<\/p>\n<p>2.3. Les partenaires commerciaux demandent a\u0300 leurs partenaires tiers d&rsquo;\u0153uvrer en faveur du respect absolu du Code de conduite de amfori BSCI.<\/p>\n<p>2.4. Les partenaires commerciaux disposent des proce\u0301dures et des ressources ne\u0301cessaires pour assumer leurs responsabilite\u0301s lie\u0301es au Code de conduite de amfori BSCI.<\/p>\n<p>2.5. Les partenaires commerciaux demandent a\u0300 leurs partenaires tiers d&rsquo;\u0153uvrer en faveur du respect absolu du Code de conduite de amfori BSCI et de prendre, dans la limite de leur sphe\u0300re d&rsquo;influence, les mesures raisonnables ne\u0301cessaires pour faire en sorte que le Code de conduite de amfori BSCI s&rsquo;applique a\u0300 leurs propres partenaires tiers.<\/p>\n<p>2.6. Les partenaires commerciaux reconnaissent que le fait de ne\u0301gliger les valeurs et principes du Code de conduite et\/ou d&rsquo;enfreindre les pre\u0301sentes Conditions de mise en \u0153uvre constitue un motif suffisant pour encourager les participants a\u0300 amfori BSCI a\u0300 mettre fin a\u0300 leurs relations commerciales avec les partenaires commerciaux signataires. La charge de la preuve en la matie\u0300re incombe, selon le cas, aux participants a\u0300 amfori BSCI ou aux partenaires tiers.<\/p>\n<p><strong><span style=\"color: #008000;\">III. Inte\u0301gration de la responsabilite\u0301 sociale dans la culture d&rsquo;entreprise<\/span><\/strong><\/p>\n<p>3.1. Les partenaires commerciaux ne devraient pas, a\u0300 travers leurs pratiques d\u2019achat par exemple (en matie\u0300re de prix ou de de\u0301lai de livraison notamment), mettre leurs partenaires tiers dans une position qui les empe\u0302che de respecter le Code de conduite de amfori BSCI.<\/p>\n<p>3.2. Les personnes ou services charge\u0301s des achats ou d&rsquo;autres activite\u0301s pertinentes devraient e\u0302tre forme\u0301s et encourage\u0301s afin qu\u2019ils puissent contribuer a\u0300 l&rsquo;inte\u0301gration des principes de responsabilite\u0301 sociale dans la culture d&rsquo;entreprise.<\/p>\n<\/div>\n<\/div>\n<\/div>\n<div class=\"page\" title=\"Page 3\">\n<div class=\"layoutArea\">\n<div class=\"column\">\n<p><span style=\"color: #008000;\"><strong>IV. Coope\u0301ration et autonomisation au sein de la chai\u0302ne d&rsquo;approvisionnement<\/strong><\/span><\/p>\n<p>4.1. Les partenaires commerciaux forment et soutiennent leur propre personnel afin de de\u0301velopper les capacite\u0301s ne\u0301cessaires a\u0300 l\u2019application et a\u0300 la de\u0301fense des principes du Code de conduite de amfori BSCI.<\/p>\n<p>4.2. Les partenaires commerciaux s&rsquo;efforcent de mener un dialogue constructif et ouvert avec leurs partenaires tiers respectifs concernant la capacite\u0301 de ceux-ci a\u0300 respecter le Code de conduite de amfori BSCI, et leur apportent une assistance afin de les aider a\u0300 re\u0301pondre a\u0300 ces attentes.<\/p>\n<p>4.3. Les partenaires commerciaux encouragent une coope\u0301ration active entre la direction et les travailleurs et\/ou leurs repre\u0301sentants, lors de l\u2019e\u0301laboration et la mise en \u0153uvre des syste\u0300mes et proce\u0301dures permettant une application re\u0301ussie du Code de conduite de amfori BSCI.<\/p>\n<p><strong><span style=\"color: #008000;\">V.Diligence raisonnable au sein de la chai\u0302ne d&rsquo;approvisionnement<\/span><\/strong><\/p>\n<p>5.1. Les partenaires commerciaux s&rsquo;engagent a\u0300 faire preuve de diligence pour (a) e\u0301valuer les incidences ne\u0301gatives re\u0301elles et potentielles de leur activite\u0301 au regard des valeurs et principes du Code de conduite de amfori BSCI; (b) identifier dans leur chai\u0302ne d&rsquo;approvisionnement les risques les plus e\u0301leve\u0301s de ces incidences ne\u0301gatives ; et (c) agir sur la base de ces informations afin de pre\u0301venir ces incidences ou d&rsquo;y reme\u0301dier conforme\u0301ment au Code de conduite de amfori BSCI.<\/p>\n<p>5.2. Les partenaires commerciaux recueillent et e\u0301valuent des informations fiables concernant le comportement responsable de leur propre entreprise et de leurs partenaires tiers et conservent les preuves documentaires ne\u0301cessaires pour de\u0301montrer qu&rsquo;ils ont agi avec diligence.<\/p>\n<p>5.3. Les partenaires commerciaux demandent a\u0300 leurs partenaires tiers de rendre compte re\u0301gulie\u0300rement des progre\u0300s accomplis dans la mise en \u0153uvre et\/ou le respect du Code de conduite de amfori BSCI, ainsi que de l&rsquo;efficacite\u0301 des mesures prises pour re\u0301pondre aux cas de non-respect des valeurs et principes du Code de conduite de amfori BSCI dans lesquels ils ont e\u0301ventuellement e\u0301te\u0301 implique\u0301s.<\/p>\n<p>5.4. Les partenaires commerciaux devraient, dans la mesure du possible, mettre en place ou participer a\u0300 un me\u0301canisme de re\u0301clamation efficace au niveau ope\u0301rationnel afin de re\u0301pondre aux individus et aux communaute\u0301s subissant un impact ne\u0301gatif du fait de leurs activite\u0301s.<\/p>\n<\/div>\n<\/div>\n<\/div>\n<div class=\"page\" title=\"Page 4\">\n<div class=\"layoutArea\">\n<div class=\"column\">\n<p><strong><span style=\"color: #008000;\">VI. Gestion de l&rsquo;information<\/span><\/strong><\/p>\n<p>6.1. En cas de demande, les partenaires commerciaux rendent compte pre\u0301cise\u0301ment aux participants a\u0300 amfori BSCI de leur plan d\u2019action et de l&rsquo;ame\u0301lioration constante de leurs partenaires tiers, ainsi que de l&rsquo;efficacite\u0301 des mesures prises pour re\u0301pondre aux cas de non-respect des valeurs et principes du Code de conduite de amfori BSCI dans lesquels ils ont e\u0301ventuellement e\u0301te\u0301 implique\u0301s.<\/p>\n<p>6.2. Les partenaires commerciaux s&rsquo;efforcent de comprendre les pre\u0301occupations des parties prenantes susceptibles d&rsquo;e\u0302tre affecte\u0301es, aupre\u0300s desquelles ils peuvent e\u0302tre amene\u0301s a\u0300 demander des conseils, et consultent en externe des experts fiables et inde\u0301pendants. Ces experts peuvent inclure les gouvernements, la socie\u0301te\u0301 civile et les repre\u0301sentants des travailleurs afin de ve\u0301rifier l&rsquo;efficacite\u0301 de leur processus de mise en \u0153uvre.<\/p>\n<p>6.3. Les partenaires commerciaux s&rsquo;engagent a\u0300 informer imme\u0301diatement le participant a\u0300 amfori BSCI de toute faute commise par leurs partenaires tiers, dont ils ont connaissance et qui est susceptible d&rsquo;avoir une incidence ne\u0301gative sur les valeurs et principes du Code de conduite de amfori BSCI.<\/p>\n<\/div>\n<\/div>\n<\/div>\n<\/div>[contact-form-7 id=\u00a0\u00bb3259&Prime; \/]<\/div><\/div><\/div><\/div>\n","protected":false},"excerpt":{"rendered":"","protected":false},"author":2,"featured_media":0,"parent":0,"menu_order":0,"comment_status":"closed","ping_status":"closed","template":"","meta":{"_monsterinsights_skip_tracking":false,"_monsterinsights_sitenote_active":false,"_monsterinsights_sitenote_note":"","_monsterinsights_sitenote_category":0,"footnotes":""},"class_list":["post-3248","page","type-page","status-publish","hentry"],"acf":[],"yoast_head":"<!-- This site is optimized with the Yoast SEO plugin v24.9 - https:\/\/yoast.com\/wordpress\/plugins\/seo\/ -->\n<title>Conditions de mise en \u0153uvre pour les partenaires commerciaux -<\/title>\n<meta name=\"description\" content=\"Les pr\u00e9sentes conditions commerciales sont pour objet d&#039;aider nos clients \u00e0 mieux comprendre leurs droits et leurs responsabilit\u00e9s.\" \/>\n<meta name=\"robots\" content=\"index, follow, max-snippet:-1, max-image-preview:large, max-video-preview:-1\" \/>\n<link rel=\"canonical\" href=\"https:\/\/www.subliwear.fr\/fr\/conditions-commerciales-subliwear-avec-ses-partenaires\/\" \/>\n<meta property=\"og:locale\" content=\"fr_FR\" \/>\n<meta property=\"og:type\" content=\"article\" \/>\n<meta property=\"og:title\" content=\"Conditions de mise en \u0153uvre pour les partenaires commerciaux -\" \/>\n<meta property=\"og:description\" content=\"Les pr\u00e9sentes conditions commerciales sont pour objet d&#039;aider nos clients \u00e0 mieux comprendre leurs droits et leurs responsabilit\u00e9s.\" \/>\n<meta property=\"og:url\" content=\"https:\/\/www.subliwear.fr\/fr\/conditions-commerciales-subliwear-avec-ses-partenaires\/\" \/>\n<meta property=\"og:site_name\" content=\"Subliwear\" \/>\n<meta property=\"article:modified_time\" content=\"2022-01-29T10:40:15+00:00\" \/>\n<meta name=\"twitter:card\" content=\"summary_large_image\" \/>\n<meta name=\"twitter:label1\" content=\"Dur\u00e9e de lecture estim\u00e9e\" \/>\n\t<meta name=\"twitter:data1\" content=\"5 minutes\" \/>\n<script type=\"application\/ld+json\" class=\"yoast-schema-graph\">{\"@context\":\"https:\/\/schema.org\",\"@graph\":[{\"@type\":\"WebPage\",\"@id\":\"https:\/\/www.subliwear.fr\/fr\/conditions-commerciales-subliwear-avec-ses-partenaires\/\",\"url\":\"https:\/\/www.subliwear.fr\/fr\/conditions-commerciales-subliwear-avec-ses-partenaires\/\",\"name\":\"Conditions de mise en \u0153uvre pour les partenaires commerciaux -\",\"isPartOf\":{\"@id\":\"https:\/\/www.subliwear.fr\/#website\"},\"datePublished\":\"2021-05-22T10:55:11+00:00\",\"dateModified\":\"2022-01-29T10:40:15+00:00\",\"description\":\"Les pr\u00e9sentes conditions commerciales sont pour objet d'aider nos clients \u00e0 mieux comprendre leurs droits et leurs responsabilit\u00e9s.\",\"breadcrumb\":{\"@id\":\"https:\/\/www.subliwear.fr\/fr\/conditions-commerciales-subliwear-avec-ses-partenaires\/#breadcrumb\"},\"inLanguage\":\"fr-FR\",\"potentialAction\":[{\"@type\":\"ReadAction\",\"target\":[\"https:\/\/www.subliwear.fr\/fr\/conditions-commerciales-subliwear-avec-ses-partenaires\/\"]}]},{\"@type\":\"BreadcrumbList\",\"@id\":\"https:\/\/www.subliwear.fr\/fr\/conditions-commerciales-subliwear-avec-ses-partenaires\/#breadcrumb\",\"itemListElement\":[{\"@type\":\"ListItem\",\"position\":1,\"name\":\"Accueil\",\"item\":\"https:\/\/www.subliwear.fr\/fr\/\"},{\"@type\":\"ListItem\",\"position\":2,\"name\":\"Conditions de mise en \u0153uvre pour les partenaires commerciaux\"}]},{\"@type\":\"WebSite\",\"@id\":\"https:\/\/www.subliwear.fr\/#website\",\"url\":\"https:\/\/www.subliwear.fr\/\",\"name\":\"Subliwear\",\"description\":\"Cr\u00e9ation de v\u00eatements de sport par sublimation\",\"potentialAction\":[{\"@type\":\"SearchAction\",\"target\":{\"@type\":\"EntryPoint\",\"urlTemplate\":\"https:\/\/www.subliwear.fr\/?s={search_term_string}\"},\"query-input\":{\"@type\":\"PropertyValueSpecification\",\"valueRequired\":true,\"valueName\":\"search_term_string\"}}],\"inLanguage\":\"fr-FR\"}]}<\/script>\n<!-- \/ Yoast SEO plugin. -->","yoast_head_json":{"title":"Conditions de mise en \u0153uvre pour les partenaires commerciaux -","description":"Les pr\u00e9sentes conditions commerciales sont pour objet d'aider nos clients \u00e0 mieux comprendre leurs droits et leurs responsabilit\u00e9s.","robots":{"index":"index","follow":"follow","max-snippet":"max-snippet:-1","max-image-preview":"max-image-preview:large","max-video-preview":"max-video-preview:-1"},"canonical":"https:\/\/www.subliwear.fr\/fr\/conditions-commerciales-subliwear-avec-ses-partenaires\/","og_locale":"fr_FR","og_type":"article","og_title":"Conditions de mise en \u0153uvre pour les partenaires commerciaux -","og_description":"Les pr\u00e9sentes conditions commerciales sont pour objet d'aider nos clients \u00e0 mieux comprendre leurs droits et leurs responsabilit\u00e9s.","og_url":"https:\/\/www.subliwear.fr\/fr\/conditions-commerciales-subliwear-avec-ses-partenaires\/","og_site_name":"Subliwear","article_modified_time":"2022-01-29T10:40:15+00:00","twitter_card":"summary_large_image","twitter_misc":{"Dur\u00e9e de lecture estim\u00e9e":"5 minutes"},"schema":{"@context":"https:\/\/schema.org","@graph":[{"@type":"WebPage","@id":"https:\/\/www.subliwear.fr\/fr\/conditions-commerciales-subliwear-avec-ses-partenaires\/","url":"https:\/\/www.subliwear.fr\/fr\/conditions-commerciales-subliwear-avec-ses-partenaires\/","name":"Conditions de mise en \u0153uvre pour les partenaires commerciaux -","isPartOf":{"@id":"https:\/\/www.subliwear.fr\/#website"},"datePublished":"2021-05-22T10:55:11+00:00","dateModified":"2022-01-29T10:40:15+00:00","description":"Les pr\u00e9sentes conditions commerciales sont pour objet d'aider nos clients \u00e0 mieux comprendre leurs droits et leurs responsabilit\u00e9s.","breadcrumb":{"@id":"https:\/\/www.subliwear.fr\/fr\/conditions-commerciales-subliwear-avec-ses-partenaires\/#breadcrumb"},"inLanguage":"fr-FR","potentialAction":[{"@type":"ReadAction","target":["https:\/\/www.subliwear.fr\/fr\/conditions-commerciales-subliwear-avec-ses-partenaires\/"]}]},{"@type":"BreadcrumbList","@id":"https:\/\/www.subliwear.fr\/fr\/conditions-commerciales-subliwear-avec-ses-partenaires\/#breadcrumb","itemListElement":[{"@type":"ListItem","position":1,"name":"Accueil","item":"https:\/\/www.subliwear.fr\/fr\/"},{"@type":"ListItem","position":2,"name":"Conditions de mise en \u0153uvre pour les partenaires commerciaux"}]},{"@type":"WebSite","@id":"https:\/\/www.subliwear.fr\/#website","url":"https:\/\/www.subliwear.fr\/","name":"Subliwear","description":"Cr\u00e9ation de v\u00eatements de sport par sublimation","potentialAction":[{"@type":"SearchAction","target":{"@type":"EntryPoint","urlTemplate":"https:\/\/www.subliwear.fr\/?s={search_term_string}"},"query-input":{"@type":"PropertyValueSpecification","valueRequired":true,"valueName":"search_term_string"}}],"inLanguage":"fr-FR"}]}},"jetpack_sharing_enabled":true,"_links":{"self":[{"href":"https:\/\/www.subliwear.fr\/fr\/wp-json\/wp\/v2\/pages\/3248","targetHints":{"allow":["GET"]}}],"collection":[{"href":"https:\/\/www.subliwear.fr\/fr\/wp-json\/wp\/v2\/pages"}],"about":[{"href":"https:\/\/www.subliwear.fr\/fr\/wp-json\/wp\/v2\/types\/page"}],"author":[{"embeddable":true,"href":"https:\/\/www.subliwear.fr\/fr\/wp-json\/wp\/v2\/users\/2"}],"replies":[{"embeddable":true,"href":"https:\/\/www.subliwear.fr\/fr\/wp-json\/wp\/v2\/comments?post=3248"}],"version-history":[{"count":9,"href":"https:\/\/www.subliwear.fr\/fr\/wp-json\/wp\/v2\/pages\/3248\/revisions"}],"predecessor-version":[{"id":3261,"href":"https:\/\/www.subliwear.fr\/fr\/wp-json\/wp\/v2\/pages\/3248\/revisions\/3261"}],"wp:attachment":[{"href":"https:\/\/www.subliwear.fr\/fr\/wp-json\/wp\/v2\/media?parent=3248"}],"curies":[{"name":"wp","href":"https:\/\/api.w.org\/{rel}","templated":true}]}}